{"id":3186,"date":"2026-04-25T14:57:31","date_gmt":"2026-04-25T14:57:31","guid":{"rendered":"https:\/\/www.electricaslego.com\/?page_id=3186"},"modified":"2026-04-25T15:16:59","modified_gmt":"2026-04-25T15:16:59","slug":"proyecto-entredos","status":"publish","type":"page","link":"https:\/\/www.electricaslego.com\/index.php\/proyecto-entredos\/","title":{"rendered":"ENTREDOS"},"content":{"rendered":"\t\t<div data-elementor-type=\"wp-post\" data-elementor-id=\"3186\" class=\"elementor elementor-3186\">\n\t\t\t\t<div class=\"elementor-element elementor-element-4675125 e-grid e-con-boxed e-con e-parent\" data-id=\"4675125\" data-element_type=\"container\" data-e-type=\"container\">\n\t\t\t\t\t<div class=\"e-con-inner\">\n\t\t\t\t<div class=\"elementor-element elementor-element-a19f44f elementor-widget elementor-widget-text-editor\" data-id=\"a19f44f\" data-element_type=\"widget\" data-e-type=\"widget\" data-widget_type=\"text-editor.default\">\n\t\t\t\t<div class=\"elementor-widget-container\">\n\t\t\t\t\t\t\t\t\t<h2 style=\"font-size: 20px; color: #f91308; text-decoration: underline; margin-bottom: 15px; margin-top: 20px;\">\nENTREDOS La Granada: L\u00ednea de preparaci\u00f3n de pedidos (2022)\n<\/h2>\n\n<p style=\"font-size: 16px; color: #000000; margin-bottom: 15px;\">\nEn el a\u00f1o 2021 nace ENTREDOS LOGISTICS S.L., una empresa fruto de la uni\u00f3n de dos entidades independientes con una amplia experiencia en el sector. Por un lado, Les Punxes Distribuidora, fundada en 1968 y con distribuci\u00f3n en toda Espa\u00f1a desde 1975; y por otro, Agora Solutions Log\u00edstiques, creada en 2008 con una clara orientaci\u00f3n hacia soluciones log\u00edsticas innovadoras.\n<\/p>\n\n<p style=\"font-size: 16px; color: #000000; margin-bottom: 15px;\">\nEste proyecto surge con una firme vocaci\u00f3n de servicio y una clara voluntad de innovaci\u00f3n, resultado de una visi\u00f3n compartida: asumir conjuntamente la distribuci\u00f3n log\u00edstica en el \u00e1mbito editorial y cultural. ENTREDOS sit\u00faa en el centro de su actividad al punto de venta, apostando por una distribuci\u00f3n r\u00e1pida, eficiente y alineada con los principios de la log\u00edstica verde.\n<\/p>\n\n<p style=\"font-size: 16px; color: #000000; margin-bottom: 15px;\">\nLa compa\u00f1\u00eda inicia su actividad el 1 de septiembre de 2022 desde su nuevo centro log\u00edstico, ubicado en el Park Log\u00edstic Prologis en Granada del Pened\u00e8s. Se trata de una localizaci\u00f3n estrat\u00e9gica, con fachada a la AP-7 y a tan solo 30 minutos de Barcelona, dentro de uno de los principales n\u00facleos log\u00edsticos del territorio.\n<\/p>\n\n<p style=\"font-size: 16px; color: #000000; margin-bottom: 0;\">\nEl proyecto cuenta con la participaci\u00f3n de El\u00e9ctricas Lego, fruto de la estrecha relaci\u00f3n mantenida durante a\u00f1os con Les Punxes, tras la implantaci\u00f3n previa de un peque\u00f1o sistema en sus instalaciones. Esta colaboraci\u00f3n se consolida cuando se propone a El\u00e9ctricas Lego formar parte de este nuevo reto log\u00edstico.\n<\/p>\t\t\t\t\t\t\t\t<\/div>\n\t\t\t\t<\/div>\n\t\t\t\t<div class=\"elementor-element elementor-element-6936c47 elementor-widget elementor-widget-text-editor\" data-id=\"6936c47\" data-element_type=\"widget\" data-e-type=\"widget\" data-widget_type=\"text-editor.default\">\n\t\t\t\t<div class=\"elementor-widget-container\">\n\t\t\t\t\t\t\t\t\t<div style=\"margin-top: 65px;\">\n\n<p style=\"font-size: 16px; color: #000000; margin-bottom: 15px;\">\nLa soluci\u00f3n desarrollada incluye la implantaci\u00f3n de un sistema de transportadores de ligero para el movimiento de cajas, dise\u00f1ado para optimizar los flujos de trabajo. Este sistema se divide en dos grandes \u00e1reas operativas: una destinada a la gesti\u00f3n de PEDIDOS, con zonas de preparaci\u00f3n, verificaci\u00f3n y expediciones; y otra enfocada a NOVEDADES, tambi\u00e9n equipada con sus correspondientes \u00e1reas de preparaci\u00f3n, control y salida de mercanc\u00eda.\n<\/p>\n\n<p style=\"font-size: 16px; color: #000000; margin-bottom: 15px;\">\nEl proyecto contempla la instalaci\u00f3n de aproximadamente 1.500 metros de transportadores, configurando una infraestructura moderna, eficiente y preparada para altos vol\u00famenes de trabajo. Todo el sistema ha sido concebido bajo la filosof\u00eda de \u201cacumulaci\u00f3n sin contacto\u201d, permitiendo una gesti\u00f3n fluida de la producci\u00f3n y minimizando incidencias en la manipulaci\u00f3n de productos.\n<\/p>\n\n<p style=\"font-size: 16px; color: #000000;\">\nEl equipo de El\u00e9ctricas Lego logra completar la instalaci\u00f3n y puesta en marcha del sistema en los plazos previstos, entregando el proyecto totalmente operativo a mediados de agosto de 2022, garantizando que ENTREDOS LOGISTICS S.L. inicie su actividad con una base tecnol\u00f3gica s\u00f3lida, preparada para afrontar los retos del presente y del futuro en la log\u00edstica editorial.\n<\/p>\n\n<\/div>\t\t\t\t\t\t\t\t<\/div>\n\t\t\t\t<\/div>\n\t\t\t\t\t<\/div>\n\t\t\t\t<\/div>\n\t\t<div class=\"elementor-element elementor-element-c106a22 e-flex e-con-boxed e-con e-parent\" data-id=\"c106a22\" data-element_type=\"container\" data-e-type=\"container\">\n\t\t\t\t\t<div class=\"e-con-inner\">\n\t\t\t\t<div class=\"elementor-element elementor-element-48ff50e elementor-arrows-position-inside elementor-pagination-position-outside elementor-widget elementor-widget-image-carousel\" data-id=\"48ff50e\" data-element_type=\"widget\" data-e-type=\"widget\" data-settings=\"{&quot;slides_to_show&quot;:&quot;1&quot;,&quot;autoplay_speed&quot;:2700,&quot;navigation&quot;:&quot;both&quot;,&quot;autoplay&quot;:&quot;yes&quot;,&quot;pause_on_hover&quot;:&quot;yes&quot;,&quot;pause_on_interaction&quot;:&quot;yes&quot;,&quot;infinite&quot;:&quot;yes&quot;,&quot;effect&quot;:&quot;slide&quot;,&quot;speed&quot;:500}\" data-widget_type=\"image-carousel.default\">\n\t\t\t\t<div class=\"elementor-widget-container\">\n\t\t\t\t\t\t\t<div class=\"elementor-image-carousel-wrapper swiper\" role=\"region\" aria-roledescription=\"carousel\" aria-label=\"Carrusel de im\u00e1genes\" dir=\"ltr\">\n\t\t\t<div class=\"elementor-image-carousel swiper-wrapper\" aria-live=\"off\">\n\t\t\t\t\t\t\t\t<div class=\"swiper-slide\" role=\"group\" aria-roledescription=\"slide\" aria-label=\"1 de 5\"><figure class=\"swiper-slide-inner\"><img decoding=\"async\" class=\"swiper-slide-image\" src=\"https:\/\/www.electricaslego.com\/wp-content\/uploads\/elementor\/thumbs\/Entredos-1-scaled-rmj67usa5tp4e91i6qlb8jv1nak70fno3fzl63mbl4.jpg\" alt=\"Entredos 1\" \/><\/figure><\/div><div class=\"swiper-slide\" role=\"group\" aria-roledescription=\"slide\" aria-label=\"2 de 5\"><figure class=\"swiper-slide-inner\"><img decoding=\"async\" class=\"swiper-slide-image\" src=\"https:\/\/www.electricaslego.com\/wp-content\/uploads\/elementor\/thumbs\/Entredos-2-scaled-rmj67zhh3zvk0auofamg30ocm7x12x6bs390khfcq0.jpg\" alt=\"Entredos 2\" \/><\/figure><\/div><div class=\"swiper-slide\" role=\"group\" aria-roledescription=\"slide\" aria-label=\"3 de 5\"><figure class=\"swiper-slide-inner\"><img decoding=\"async\" class=\"swiper-slide-image\" src=\"https:\/\/www.electricaslego.com\/wp-content\/uploads\/elementor\/thumbs\/Entredos-3-scaled-rmj6846o261zmcnununkxhhnl59v5eozgqifyv8duw.jpg\" alt=\"Entredos 3\" \/><\/figure><\/div><div class=\"swiper-slide\" role=\"group\" aria-roledescription=\"slide\" aria-label=\"4 de 5\"><figure class=\"swiper-slide-inner\"><img decoding=\"async\" class=\"swiper-slide-image\" src=\"https:\/\/www.electricaslego.com\/wp-content\/uploads\/elementor\/thumbs\/Entredos-4-scaled-rmj688vv0c8f8eh0weopryayk2mp7w7n5drvd91ezs.jpg\" alt=\"Entredos 4\" \/><\/figure><\/div><div class=\"swiper-slide\" role=\"group\" aria-roledescription=\"slide\" aria-label=\"5 de 5\"><figure class=\"swiper-slide-inner\"><img decoding=\"async\" class=\"swiper-slide-image\" src=\"https:\/\/www.electricaslego.com\/wp-content\/uploads\/elementor\/thumbs\/Entredos-5-rmj68bpdkuca78cxfxwlhflcc88suziu5rqbt2x8h4.jpg\" alt=\"Entredos 5\" \/><\/figure><\/div>\t\t\t<\/div>\n\t\t\t\t\t\t\t\t\t\t\t\t<div class=\"elementor-swiper-button elementor-swiper-button-prev\" role=\"button\" tabindex=\"0\">\n\t\t\t\t\t\t<svg aria-hidden=\"true\" class=\"e-font-icon-svg e-eicon-chevron-left\" viewBox=\"0 0 1000 1000\" xmlns=\"http:\/\/www.w3.org\/2000\/svg\"><path d=\"M646 125C629 125 613 133 604 142L308 442C296 454 292 471 292 487 292 504 296 521 308 533L604 854C617 867 629 875 646 875 663 875 679 871 692 858 704 846 713 829 713 812 713 796 708 779 692 767L438 487 692 225C700 217 708 204 708 187 708 171 704 154 692 142 675 129 663 125 646 125Z\"><\/path><\/svg>\t\t\t\t\t<\/div>\n\t\t\t\t\t<div class=\"elementor-swiper-button elementor-swiper-button-next\" role=\"button\" tabindex=\"0\">\n\t\t\t\t\t\t<svg aria-hidden=\"true\" class=\"e-font-icon-svg e-eicon-chevron-right\" viewBox=\"0 0 1000 1000\" xmlns=\"http:\/\/www.w3.org\/2000\/svg\"><path d=\"M696 533C708 521 713 504 713 487 713 471 708 454 696 446L400 146C388 133 375 125 354 125 338 125 325 129 313 142 300 154 292 171 292 187 292 204 296 221 308 233L563 492 304 771C292 783 288 800 288 817 288 833 296 850 308 863 321 871 338 875 354 875 371 875 388 867 400 854L696 533Z\"><\/path><\/svg>\t\t\t\t\t<\/div>\n\t\t\t\t\n\t\t\t\t\t\t\t\t\t<div class=\"swiper-pagination\"><\/div>\n\t\t\t\t\t\t\t\t\t<\/div>\n\t\t\t\t\t\t<\/div>\n\t\t\t\t<\/div>\n\t\t\t\t\t<\/div>\n\t\t\t\t<\/div>\n\t\t\t\t<\/div>\n\t\t","protected":false},"excerpt":{"rendered":"<p>ENTREDOS La Granada: L\u00ednea de preparaci\u00f3n de pedidos (2022) En el a\u00f1o 2021 nace ENTREDOS LOGISTICS S.L., una empresa fruto de la uni\u00f3n de dos entidades independientes con una amplia experiencia en el sector. Por un lado, Les Punxes Distribuidora, fundada en 1968 y con distribuci\u00f3n en toda Espa\u00f1a desde 1975; y por otro, Agora [&hellip;]<\/p>\n","protected":false},"author":1,"featured_media":0,"parent":0,"menu_order":0,"comment_status":"closed","ping_status":"closed","template":"elementor_header_footer","meta":{"footnotes":""},"class_list":["post-3186","page","type-page","status-publish","hentry","entry"],"_links":{"self":[{"href":"https:\/\/www.electricaslego.com\/index.php\/wp-json\/wp\/v2\/pages\/3186","targetHints":{"allow":["GET"]}}],"collection":[{"href":"https:\/\/www.electricaslego.com\/index.php\/wp-json\/wp\/v2\/pages"}],"about":[{"href":"https:\/\/www.electricaslego.com\/index.php\/wp-json\/wp\/v2\/types\/page"}],"author":[{"embeddable":true,"href":"https:\/\/www.electricaslego.com\/index.php\/wp-json\/wp\/v2\/users\/1"}],"replies":[{"embeddable":true,"href":"https:\/\/www.electricaslego.com\/index.php\/wp-json\/wp\/v2\/comments?post=3186"}],"version-history":[{"count":25,"href":"https:\/\/www.electricaslego.com\/index.php\/wp-json\/wp\/v2\/pages\/3186\/revisions"}],"predecessor-version":[{"id":3218,"href":"https:\/\/www.electricaslego.com\/index.php\/wp-json\/wp\/v2\/pages\/3186\/revisions\/3218"}],"wp:attachment":[{"href":"https:\/\/www.electricaslego.com\/index.php\/wp-json\/wp\/v2\/media?parent=3186"}],"curies":[{"name":"wp","href":"https:\/\/api.w.org\/{rel}","templated":true}]}}