{"id":3136,"date":"2026-04-11T12:02:45","date_gmt":"2026-04-11T12:02:45","guid":{"rendered":"https:\/\/www.electricaslego.com\/?page_id=3136"},"modified":"2026-04-25T14:56:49","modified_gmt":"2026-04-25T14:56:49","slug":"proyecto-egisa","status":"publish","type":"page","link":"https:\/\/www.electricaslego.com\/index.php\/proyecto-egisa\/","title":{"rendered":"EGISA"},"content":{"rendered":"\t\t<div data-elementor-type=\"wp-post\" data-elementor-id=\"3136\" class=\"elementor elementor-3136\">\n\t\t\t\t<div class=\"elementor-element elementor-element-7df8894 e-grid e-con-boxed e-con e-parent\" data-id=\"7df8894\" data-element_type=\"container\" data-e-type=\"container\">\n\t\t\t\t\t<div class=\"e-con-inner\">\n\t\t\t\t<div class=\"elementor-element elementor-element-ac2d35f elementor-widget elementor-widget-text-editor\" data-id=\"ac2d35f\" data-element_type=\"widget\" data-e-type=\"widget\" data-widget_type=\"text-editor.default\">\n\t\t\t\t<div class=\"elementor-widget-container\">\n\t\t\t\t\t\t\t\t\t<h2>\u00a0<\/h2><h2>\u00a0<\/h2><h2 style=\"font-size: 20px; color: #f91308; text-decoration: underline; margin-bottom: 8px; margin-top: 20px;\">EGISA Esplugues: Conectando eficiencia y tecnolog\u00eda, L\u00ednea Paletas Entre Plantas (2021)<\/h2><p style=\"font-size: 16px; color: #000000; margin-top: 0; margin-bottom: 15px;\">En 2021, <strong>Egisa<\/strong> nos lanz\u00f3 un desaf\u00edo apasionante: imaginar un sistema de transporte de palets capaz de conectar tres plantas de su nave (Troqueladoras, Offset y Repaso) con una nueva planta adyacente, situada a otra altura.<\/p><p style=\"font-size: 16px; color: #000000; margin-top: 0; margin-bottom: 15px;\">Pero eso no era todo: esta nueva planta tambi\u00e9n deb\u00eda enlazar con una tercera nave dedicada a Engomadoras.<\/p><p style=\"font-size: 16px; color: #000000; margin-top: 0; margin-bottom: 15px;\">El equipo de <strong>El\u00e9ctricas Lego<\/strong> se puso manos a la obra, combinando innovaci\u00f3n, ingenier\u00eda y dise\u00f1o a medida, hasta desarrollar una propuesta que optimizaba cada flujo de trabajo y garantizaba m\u00e1xima eficiencia.<\/p><p style=\"font-size: 16px; color: #000000; margin-top: 0; margin-bottom: 15px;\">La soluci\u00f3n convenci\u00f3 al cliente desde el primer momento, quien nos confi\u00f3 el proyecto como proveedor \u00fanico.<\/p><p style=\"font-size: 16px; color: #000000; margin-top: 0; margin-bottom: 0;\">El resultado no solo fue un sistema de transporte eficiente y seguro, sino tambi\u00e9n un ejemplo de colaboraci\u00f3n, confianza y visi\u00f3n compartida, capaz de transformar la log\u00edstica interna y elevar la productividad de toda la operaci\u00f3n.<\/p>\t\t\t\t\t\t\t\t<\/div>\n\t\t\t\t<\/div>\n\t\t\t\t<div class=\"elementor-element elementor-element-96fdfcf elementor-arrows-position-inside elementor-pagination-position-outside elementor-widget elementor-widget-image-carousel\" data-id=\"96fdfcf\" data-element_type=\"widget\" data-e-type=\"widget\" data-settings=\"{&quot;slides_to_show&quot;:&quot;1&quot;,&quot;autoplay_speed&quot;:2700,&quot;navigation&quot;:&quot;both&quot;,&quot;autoplay&quot;:&quot;yes&quot;,&quot;pause_on_hover&quot;:&quot;yes&quot;,&quot;pause_on_interaction&quot;:&quot;yes&quot;,&quot;infinite&quot;:&quot;yes&quot;,&quot;effect&quot;:&quot;slide&quot;,&quot;speed&quot;:500}\" data-widget_type=\"image-carousel.default\">\n\t\t\t\t<div class=\"elementor-widget-container\">\n\t\t\t\t\t\t\t<div class=\"elementor-image-carousel-wrapper swiper\" role=\"region\" aria-roledescription=\"carousel\" aria-label=\"Carrusel de im\u00e1genes\" dir=\"ltr\">\n\t\t\t<div class=\"elementor-image-carousel swiper-wrapper\" aria-live=\"off\">\n\t\t\t\t\t\t\t\t<div class=\"swiper-slide\" role=\"group\" aria-roledescription=\"slide\" aria-label=\"1 de 4\"><figure class=\"swiper-slide-inner\"><img decoding=\"async\" class=\"swiper-slide-image\" src=\"https:\/\/www.electricaslego.com\/wp-content\/uploads\/elementor\/thumbs\/Egisa-1-rmj5mytead3qe7ds5pjrttmaf1ijykqek2358ql9uw.jpg\" alt=\"Egisa (1)\" \/><\/figure><\/div><div class=\"swiper-slide\" role=\"group\" aria-roledescription=\"slide\" aria-label=\"2 de 4\"><figure class=\"swiper-slide-inner\"><img decoding=\"async\" class=\"swiper-slide-image\" src=\"https:\/\/www.electricaslego.com\/wp-content\/uploads\/elementor\/thumbs\/Egisa-2-rmj5n1mwuv7ld19op8rnjawo774nlo1lkg1lokh3c8.jpg\" alt=\"Egisa (2)\" \/><\/figure><\/div><div class=\"swiper-slide\" role=\"group\" aria-roledescription=\"slide\" aria-label=\"3 de 4\"><figure class=\"swiper-slide-inner\"><img decoding=\"async\" class=\"swiper-slide-image\" src=\"https:\/\/www.electricaslego.com\/wp-content\/uploads\/elementor\/thumbs\/Egisa-3-rmj5n4gffdbgbv5l8rzj8s71zcqr8rcsku024ecwtk.jpg\" alt=\"Egisa (3)\" \/><\/figure><\/div><div class=\"swiper-slide\" role=\"group\" aria-roledescription=\"slide\" aria-label=\"4 de 4\"><figure class=\"swiper-slide-inner\"><img decoding=\"async\" class=\"swiper-slide-image\" src=\"https:\/\/www.electricaslego.com\/wp-content\/uploads\/elementor\/thumbs\/Egisa-4-rmj5n6c3t1e0z32uxsssdrpz64hho5k993b12ya4h4.jpg\" alt=\"Egisa (4)\" \/><\/figure><\/div>\t\t\t<\/div>\n\t\t\t\t\t\t\t\t\t\t\t\t<div class=\"elementor-swiper-button elementor-swiper-button-prev\" role=\"button\" tabindex=\"0\">\n\t\t\t\t\t\t<svg aria-hidden=\"true\" class=\"e-font-icon-svg e-eicon-chevron-left\" viewBox=\"0 0 1000 1000\" xmlns=\"http:\/\/www.w3.org\/2000\/svg\"><path d=\"M646 125C629 125 613 133 604 142L308 442C296 454 292 471 292 487 292 504 296 521 308 533L604 854C617 867 629 875 646 875 663 875 679 871 692 858 704 846 713 829 713 812 713 796 708 779 692 767L438 487 692 225C700 217 708 204 708 187 708 171 704 154 692 142 675 129 663 125 646 125Z\"><\/path><\/svg>\t\t\t\t\t<\/div>\n\t\t\t\t\t<div class=\"elementor-swiper-button elementor-swiper-button-next\" role=\"button\" tabindex=\"0\">\n\t\t\t\t\t\t<svg aria-hidden=\"true\" class=\"e-font-icon-svg e-eicon-chevron-right\" viewBox=\"0 0 1000 1000\" xmlns=\"http:\/\/www.w3.org\/2000\/svg\"><path d=\"M696 533C708 521 713 504 713 487 713 471 708 454 696 446L400 146C388 133 375 125 354 125 338 125 325 129 313 142 300 154 292 171 292 187 292 204 296 221 308 233L563 492 304 771C292 783 288 800 288 817 288 833 296 850 308 863 321 871 338 875 354 875 371 875 388 867 400 854L696 533Z\"><\/path><\/svg>\t\t\t\t\t<\/div>\n\t\t\t\t\n\t\t\t\t\t\t\t\t\t<div class=\"swiper-pagination\"><\/div>\n\t\t\t\t\t\t\t\t\t<\/div>\n\t\t\t\t\t\t<\/div>\n\t\t\t\t<\/div>\n\t\t\t\t<div class=\"elementor-element elementor-element-6378e5c elementor-widget elementor-widget-video\" data-id=\"6378e5c\" data-element_type=\"widget\" data-e-type=\"widget\" data-settings=\"{&quot;video_type&quot;:&quot;hosted&quot;,&quot;controls&quot;:&quot;yes&quot;}\" data-widget_type=\"video.default\">\n\t\t\t\t<div class=\"elementor-widget-container\">\n\t\t\t\t\t\t\t<div class=\"e-hosted-video elementor-wrapper elementor-open-inline\">\n\t\t\t\t\t<video class=\"elementor-video\" src=\"https:\/\/www.electricaslego.com\/wp-content\/uploads\/2026\/04\/Egisa-Instalacion-3-1.mp4\" controls=\"\" preload=\"metadata\" controlsList=\"nodownload\"><\/video>\n\t\t\t\t<\/div>\n\t\t\t\t\t\t<\/div>\n\t\t\t\t<\/div>\n\t\t\t\t\t<\/div>\n\t\t\t\t<\/div>\n\t\t\t\t<\/div>\n\t\t","protected":false},"excerpt":{"rendered":"<p>\u00a0 \u00a0 EGISA Esplugues: Conectando eficiencia y tecnolog\u00eda, L\u00ednea Paletas Entre Plantas (2021) En 2021, Egisa nos lanz\u00f3 un desaf\u00edo apasionante: imaginar un sistema de transporte de palets capaz de conectar tres plantas de su nave (Troqueladoras, Offset y Repaso) con una nueva planta adyacente, situada a otra altura. Pero eso no era todo: esta [&hellip;]<\/p>\n","protected":false},"author":1,"featured_media":0,"parent":0,"menu_order":0,"comment_status":"closed","ping_status":"closed","template":"elementor_header_footer","meta":{"footnotes":""},"class_list":["post-3136","page","type-page","status-publish","hentry","entry"],"_links":{"self":[{"href":"https:\/\/www.electricaslego.com\/index.php\/wp-json\/wp\/v2\/pages\/3136","targetHints":{"allow":["GET"]}}],"collection":[{"href":"https:\/\/www.electricaslego.com\/index.php\/wp-json\/wp\/v2\/pages"}],"about":[{"href":"https:\/\/www.electricaslego.com\/index.php\/wp-json\/wp\/v2\/types\/page"}],"author":[{"embeddable":true,"href":"https:\/\/www.electricaslego.com\/index.php\/wp-json\/wp\/v2\/users\/1"}],"replies":[{"embeddable":true,"href":"https:\/\/www.electricaslego.com\/index.php\/wp-json\/wp\/v2\/comments?post=3136"}],"version-history":[{"count":22,"href":"https:\/\/www.electricaslego.com\/index.php\/wp-json\/wp\/v2\/pages\/3136\/revisions"}],"predecessor-version":[{"id":3185,"href":"https:\/\/www.electricaslego.com\/index.php\/wp-json\/wp\/v2\/pages\/3136\/revisions\/3185"}],"wp:attachment":[{"href":"https:\/\/www.electricaslego.com\/index.php\/wp-json\/wp\/v2\/media?parent=3136"}],"curies":[{"name":"wp","href":"https:\/\/api.w.org\/{rel}","templated":true}]}}