{"id":3061,"date":"2026-04-09T11:42:47","date_gmt":"2026-04-09T11:42:47","guid":{"rendered":"https:\/\/www.electricaslego.com\/?page_id=3061"},"modified":"2026-04-09T12:39:51","modified_gmt":"2026-04-09T12:39:51","slug":"proyecto-bbraun","status":"publish","type":"page","link":"https:\/\/www.electricaslego.com\/index.php\/proyecto-bbraun\/","title":{"rendered":"BBRAUN"},"content":{"rendered":"\t\t<div data-elementor-type=\"wp-post\" data-elementor-id=\"3061\" class=\"elementor elementor-3061\">\n\t\t\t\t<div class=\"elementor-element elementor-element-3767b9e e-grid e-con-boxed e-con e-parent\" data-id=\"3767b9e\" data-element_type=\"container\" data-e-type=\"container\">\n\t\t\t\t\t<div class=\"e-con-inner\">\n\t\t\t\t<div class=\"elementor-element elementor-element-3ecbadb elementor-widget elementor-widget-text-editor\" data-id=\"3ecbadb\" data-element_type=\"widget\" data-e-type=\"widget\" data-widget_type=\"text-editor.default\">\n\t\t\t\t<div class=\"elementor-widget-container\">\n\t\t\t\t\t\t\t\t\t<h2 style=\"font-size: 20px; color: #f91308; text-decoration: underline; margin-bottom: 8px; margin-top: 20px;\">\nBBRAUN: SGA, Sistemas de almacenaje, Automatizaci\u00f3n del transporte, Zonas de preparaci\u00f3n de pedidos (2014)<\/h2>\n<p style=\"font-size: 16px; color: #000000; margin-top: 0; margin-bottom: 15px;\">En 2014, Viastore Espa\u00f1a llev\u00f3 a cabo una transformaci\u00f3n integral en el centro log\u00edstico de <strong>B. Braun<\/strong> en Santa Oliva, implementando un avanzado Sistema de Gesti\u00f3n de Almacenes (SGA).<\/p>\n<p style=\"font-size: 16px; color: #000000; margin-top: 0; margin-bottom: 15px;\">La soluci\u00f3n integraba tecnolog\u00edas de almacenamiento autom\u00e1tico como <strong>transelevadores y sistemas de transporte con carros<\/strong>, adem\u00e1s de procesos de preparaci\u00f3n de pedidos altamente eficientes.<\/p>\n<p style=\"font-size: 16px; color: #000000; margin-top: 0; margin-bottom: 25px;\">En este proyecto, <strong>El\u00e9ctricas Lego<\/strong> colabor\u00f3 como <strong>integrador de automatizaci\u00f3n<\/strong>, aportando su experiencia y consolidando su papel como socio tecnol\u00f3gico de confianza.<\/p>\t\t\t\t\t\t\t\t<\/div>\n\t\t\t\t<\/div>\n\t\t\t\t<div class=\"elementor-element elementor-element-d9d405a elementor-arrows-position-inside elementor-pagination-position-outside elementor-widget elementor-widget-image-carousel\" data-id=\"d9d405a\" data-element_type=\"widget\" data-e-type=\"widget\" data-settings=\"{&quot;slides_to_show&quot;:&quot;1&quot;,&quot;autoplay_speed&quot;:2700,&quot;navigation&quot;:&quot;both&quot;,&quot;autoplay&quot;:&quot;yes&quot;,&quot;pause_on_hover&quot;:&quot;yes&quot;,&quot;pause_on_interaction&quot;:&quot;yes&quot;,&quot;infinite&quot;:&quot;yes&quot;,&quot;effect&quot;:&quot;slide&quot;,&quot;speed&quot;:500}\" data-widget_type=\"image-carousel.default\">\n\t\t\t\t<div class=\"elementor-widget-container\">\n\t\t\t\t\t\t\t<div class=\"elementor-image-carousel-wrapper swiper\" role=\"region\" aria-roledescription=\"carousel\" aria-label=\"Carrusel de im\u00e1genes\" dir=\"ltr\">\n\t\t\t<div class=\"elementor-image-carousel swiper-wrapper\" aria-live=\"off\">\n\t\t\t\t\t\t\t\t<div class=\"swiper-slide\" role=\"group\" aria-roledescription=\"slide\" aria-label=\"1 de 3\"><figure class=\"swiper-slide-inner\"><img decoding=\"async\" class=\"swiper-slide-image\" src=\"https:\/\/www.electricaslego.com\/wp-content\/uploads\/elementor\/thumbs\/bbraun-1-rlr4zi6grfg6ilt2ldp0ue6aia3955quj097b7yhbc.jpg\" alt=\"bbraun (1)\" \/><\/figure><\/div><div class=\"swiper-slide\" role=\"group\" aria-roledescription=\"slide\" aria-label=\"2 de 3\"><figure class=\"swiper-slide-inner\"><img decoding=\"async\" class=\"swiper-slide-image\" src=\"https:\/\/www.electricaslego.com\/wp-content\/uploads\/elementor\/thumbs\/bbraun-2-rlr4zk2553ir5tqcaei9zdp7p1tzkjyb79k69rvoyw.jpg\" alt=\"bbraun (2)\" \/><\/figure><\/div><div class=\"swiper-slide\" role=\"group\" aria-roledescription=\"slide\" aria-label=\"3 de 3\"><figure class=\"swiper-slide-inner\"><img decoding=\"async\" class=\"swiper-slide-image\" src=\"https:\/\/www.electricaslego.com\/wp-content\/uploads\/elementor\/thumbs\/bbraun-3-rlr4zkzzbxk1hfoz4wwwjvgoafpcs921je7nr1uaso.jpg\" alt=\"bbraun (3)\" \/><\/figure><\/div>\t\t\t<\/div>\n\t\t\t\t\t\t\t\t\t\t\t\t<div class=\"elementor-swiper-button elementor-swiper-button-prev\" role=\"button\" tabindex=\"0\">\n\t\t\t\t\t\t<svg aria-hidden=\"true\" class=\"e-font-icon-svg e-eicon-chevron-left\" viewBox=\"0 0 1000 1000\" xmlns=\"http:\/\/www.w3.org\/2000\/svg\"><path d=\"M646 125C629 125 613 133 604 142L308 442C296 454 292 471 292 487 292 504 296 521 308 533L604 854C617 867 629 875 646 875 663 875 679 871 692 858 704 846 713 829 713 812 713 796 708 779 692 767L438 487 692 225C700 217 708 204 708 187 708 171 704 154 692 142 675 129 663 125 646 125Z\"><\/path><\/svg>\t\t\t\t\t<\/div>\n\t\t\t\t\t<div class=\"elementor-swiper-button elementor-swiper-button-next\" role=\"button\" tabindex=\"0\">\n\t\t\t\t\t\t<svg aria-hidden=\"true\" class=\"e-font-icon-svg e-eicon-chevron-right\" viewBox=\"0 0 1000 1000\" xmlns=\"http:\/\/www.w3.org\/2000\/svg\"><path d=\"M696 533C708 521 713 504 713 487 713 471 708 454 696 446L400 146C388 133 375 125 354 125 338 125 325 129 313 142 300 154 292 171 292 187 292 204 296 221 308 233L563 492 304 771C292 783 288 800 288 817 288 833 296 850 308 863 321 871 338 875 354 875 371 875 388 867 400 854L696 533Z\"><\/path><\/svg>\t\t\t\t\t<\/div>\n\t\t\t\t\n\t\t\t\t\t\t\t\t\t<div class=\"swiper-pagination\"><\/div>\n\t\t\t\t\t\t\t\t\t<\/div>\n\t\t\t\t\t\t<\/div>\n\t\t\t\t<\/div>\n\t\t\t\t\t<\/div>\n\t\t\t\t<\/div>\n\t\t<div class=\"elementor-element elementor-element-ae52fad e-grid e-con-boxed e-con e-parent\" data-id=\"ae52fad\" data-element_type=\"container\" data-e-type=\"container\">\n\t\t\t\t\t<div class=\"e-con-inner\">\n\t\t\t\t<div class=\"elementor-element elementor-element-1bdd4a6 elementor-widget elementor-widget-text-editor\" data-id=\"1bdd4a6\" data-element_type=\"widget\" data-e-type=\"widget\" data-widget_type=\"text-editor.default\">\n\t\t\t\t<div class=\"elementor-widget-container\">\n\t\t\t\t\t\t\t\t\t<h2>\u00a0<\/h2><h2>\u00a0<\/h2><h2>\u00a0<\/h2><h2 style=\"font-size: 20px; color: #f91308; text-decoration: underline; margin-bottom: 8px; margin-top: 20px;\">BBRAUN (Sta. Oliva): Sistema picking paletas con robot (2020)<\/h2><p style=\"font-size: 16px; color: #000000; margin-top: 0; margin-bottom: 15px;\">A\u00f1os m\u00e1s tarde, en 2020, <strong>El\u00e9ctricas Lego<\/strong> volvi\u00f3 a trabajar junto a Viastore Espa\u00f1a para dise\u00f1ar e implementar un sistema de picking de palets de \u00faltima generaci\u00f3n.<\/p><p>\u00a0<\/p><p style=\"font-size: 16px; color: #000000; margin-top: 0; margin-bottom: 15px;\">Esta soluci\u00f3n incluy\u00f3 un sistema completo de transportadores con transferencias, mesas giratorias, un <strong>transelevador de tres alturas<\/strong> para almacenamiento en estanter\u00edas y un <strong>robot despaletizador por capas<\/strong>, capaz de manipular capas completas de cajas.<\/p><p>\u00a0<\/p><p style=\"font-size: 16px; color: #000000; margin-top: 0; margin-bottom: 0;\">El resultado fue una operativa m\u00e1s \u00e1gil, segura y eficiente, que minimiz\u00f3 la manipulaci\u00f3n manual y optimiz\u00f3 la productividad del centro log\u00edstico.<\/p>\t\t\t\t\t\t\t\t<\/div>\n\t\t\t\t<\/div>\n\t\t\t\t<div class=\"elementor-element elementor-element-71b923b elementor-widget elementor-widget-video\" data-id=\"71b923b\" data-element_type=\"widget\" data-e-type=\"widget\" data-settings=\"{&quot;video_type&quot;:&quot;hosted&quot;,&quot;controls&quot;:&quot;yes&quot;}\" data-widget_type=\"video.default\">\n\t\t\t\t<div class=\"elementor-widget-container\">\n\t\t\t\t\t\t\t<div class=\"e-hosted-video elementor-wrapper elementor-open-inline\">\n\t\t\t\t\t<video class=\"elementor-video\" src=\"https:\/\/www.electricaslego.com\/wp-content\/uploads\/2026\/04\/Piquin-robotizado-Bbraun-1.mp4\" controls=\"\" preload=\"metadata\" controlsList=\"nodownload\"><\/video>\n\t\t\t\t<\/div>\n\t\t\t\t\t\t<\/div>\n\t\t\t\t<\/div>\n\t\t\t\t<div class=\"elementor-element elementor-element-f2de383 elementor-widget elementor-widget-video\" data-id=\"f2de383\" data-element_type=\"widget\" data-e-type=\"widget\" data-settings=\"{&quot;video_type&quot;:&quot;hosted&quot;,&quot;controls&quot;:&quot;yes&quot;}\" data-widget_type=\"video.default\">\n\t\t\t\t<div class=\"elementor-widget-container\">\n\t\t\t\t\t\t\t<div class=\"e-hosted-video elementor-wrapper elementor-open-inline\">\n\t\t\t\t\t<video class=\"elementor-video\" src=\"https:\/\/www.electricaslego.com\/wp-content\/uploads\/2026\/04\/Piquin-robotizado-Bbraun-2.mp4\" controls=\"\" preload=\"metadata\" controlsList=\"nodownload\"><\/video>\n\t\t\t\t<\/div>\n\t\t\t\t\t\t<\/div>\n\t\t\t\t<\/div>\n\t\t\t\t\t<\/div>\n\t\t\t\t<\/div>\n\t\t\t\t<\/div>\n\t\t","protected":false},"excerpt":{"rendered":"<p>BBRAUN: SGA, Sistemas de almacenaje, Automatizaci\u00f3n del transporte, Zonas de preparaci\u00f3n de pedidos (2014) En 2014, Viastore Espa\u00f1a llev\u00f3 a cabo una transformaci\u00f3n integral en el centro log\u00edstico de B. Braun en Santa Oliva, implementando un avanzado Sistema de Gesti\u00f3n de Almacenes (SGA). La soluci\u00f3n integraba tecnolog\u00edas de almacenamiento autom\u00e1tico como transelevadores y sistemas de [&hellip;]<\/p>\n","protected":false},"author":1,"featured_media":0,"parent":0,"menu_order":0,"comment_status":"closed","ping_status":"closed","template":"elementor_header_footer","meta":{"footnotes":""},"class_list":["post-3061","page","type-page","status-publish","hentry","entry"],"_links":{"self":[{"href":"https:\/\/www.electricaslego.com\/index.php\/wp-json\/wp\/v2\/pages\/3061","targetHints":{"allow":["GET"]}}],"collection":[{"href":"https:\/\/www.electricaslego.com\/index.php\/wp-json\/wp\/v2\/pages"}],"about":[{"href":"https:\/\/www.electricaslego.com\/index.php\/wp-json\/wp\/v2\/types\/page"}],"author":[{"embeddable":true,"href":"https:\/\/www.electricaslego.com\/index.php\/wp-json\/wp\/v2\/users\/1"}],"replies":[{"embeddable":true,"href":"https:\/\/www.electricaslego.com\/index.php\/wp-json\/wp\/v2\/comments?post=3061"}],"version-history":[{"count":37,"href":"https:\/\/www.electricaslego.com\/index.php\/wp-json\/wp\/v2\/pages\/3061\/revisions"}],"predecessor-version":[{"id":3109,"href":"https:\/\/www.electricaslego.com\/index.php\/wp-json\/wp\/v2\/pages\/3061\/revisions\/3109"}],"wp:attachment":[{"href":"https:\/\/www.electricaslego.com\/index.php\/wp-json\/wp\/v2\/media?parent=3061"}],"curies":[{"name":"wp","href":"https:\/\/api.w.org\/{rel}","templated":true}]}}