{"id":3031,"date":"2026-04-07T17:10:35","date_gmt":"2026-04-07T17:10:35","guid":{"rendered":"https:\/\/www.electricaslego.com\/?page_id=3031"},"modified":"2026-04-07T17:25:49","modified_gmt":"2026-04-07T17:25:49","slug":"proyecto-damm","status":"publish","type":"page","link":"https:\/\/www.electricaslego.com\/index.php\/proyecto-damm\/","title":{"rendered":"DAMM"},"content":{"rendered":"\t\t<div data-elementor-type=\"wp-post\" data-elementor-id=\"3031\" class=\"elementor elementor-3031\">\n\t\t\t\t<div class=\"elementor-element elementor-element-3767b9e e-grid e-con-boxed e-con e-parent\" data-id=\"3767b9e\" data-element_type=\"container\" data-e-type=\"container\">\n\t\t\t\t\t<div class=\"e-con-inner\">\n\t\t\t\t<div class=\"elementor-element elementor-element-3ecbadb elementor-widget elementor-widget-text-editor\" data-id=\"3ecbadb\" data-element_type=\"widget\" data-e-type=\"widget\" data-widget_type=\"text-editor.default\">\n\t\t\t\t<div class=\"elementor-widget-container\">\n\t\t\t\t\t\t\t\t\t<h2 style=\"font-size: 20px; color: #f91308; text-decoration: underline; margin-bottom: 8px; margin-top: 20px;\"><br \/>DAMM; la mayor implantaci\u00f3n SCA de Europa (2008)<\/h2><p><span style=\"color: #000000;\">El \u00abproyecto de carga autom\u00e1tica de camiones\u00bb de Damm se refiere a la implementaci\u00f3n del\u00a0<a style=\"color: #000000;\" href=\"https:\/\/www.google.com\/search?q=Sistema+de+Carga+Autom%C3%A1tica+%28SCA%29&amp;rlz=1C2CHBF_esES1033ES1089&amp;sca_esv=25dcd6d97260b75a&amp;sxsrf=AE3TifN0pMVOiy6KeXmw7r_M78f31xBNrg%3A1758353349515&amp;source=hp&amp;ei=xVfOaIzYHN79i-gP8dyI4As&amp;iflsig=AOw8s4IAAAAAaM5l1QT8F72R9SnVjnIItQpAvYySRM87&amp;oq=proyecto+carga+automatica+de+camiones+&amp;gs_lp=Egdnd3Mtd2l6IiZwcm95ZWN0byBjYXJnYSBhdXRvbWF0aWNhIGRlIGNhbWlvbmVzICoCCAAyBRAhGKABMgUQIRigATIFECEYoAEyBRAhGJ8FSOR3ULYGWPhccAV4AJABAJgB1AGgAYssqgEGMC40MS4xuAEByAEA-AEBmAIvoALhLKgCCsICBxAjGCcY6gLCAgQQIxgnwgIFEAAYgATCAgsQABiABBixAxiDAcICDhAAGIAEGLEDGIMBGIoFwgIOEC4YgAQYsQMY0QMYxwHCAggQABiABBixA8ICChAjGIAEGCcYigXCAgsQLhiABBixAxiDAcICChAAGIAEGEMYigXCAgsQLhiABBjRAxjHAcICCBAuGIAEGLEDwgILEC4YgAQYxwEYrwHCAgUQLhiABMICBhAAGBYYHsICBBAhGBXCAgcQIRigARgKmAMF8QUmP-XB4jYXBJIHBjUuNDEuMaAH84UCsgcGMC40MS4xuAfVLMIHBzI1LjIwLjLIBzI&amp;sclient=gws-wiz&amp;mstk=AUtExfBmEvUawfK_AgpXRDBMSwSpDQbyS1tk0lmjtos-jX0AKyVNR5kz70HdOTkspqmUezgvnmZ_pM-_HFdAf1XNEzbdbCnghAp7ylc03ErcSqyZTI0wASRKL9gi7dXpvzPiDqgL_hGcnghv1RdTbQqEX6P63LALiPZSGWOpG8v412Axhl8Iqbne1OUbGDMn-GPaLVeBQ24Ijw3Kk2yINF7hbvdR8h3ZPXrhNQ5Ep2t1WRacA9MQ0KOoD0IdvBHH8lI4ybg1dvV1raqx6J2YRF6wDXO7&amp;csui=3&amp;ved=2ahUKEwje0uLe6OaPAxW1UqQEHUpBLOMQgK4QegQIARAB\"><strong>Sistema de Carga Autom\u00e1tica (SCA)<\/strong><\/a>\u00a0de la empresa\u00a0<a style=\"color: #000000;\" href=\"https:\/\/www.google.com\/search?q=Secon+Components&amp;rlz=1C2CHBF_esES1033ES1089&amp;sca_esv=25dcd6d97260b75a&amp;sxsrf=AE3TifN0pMVOiy6KeXmw7r_M78f31xBNrg%3A1758353349515&amp;source=hp&amp;ei=xVfOaIzYHN79i-gP8dyI4As&amp;iflsig=AOw8s4IAAAAAaM5l1QT8F72R9SnVjnIItQpAvYySRM87&amp;oq=proyecto+carga+automatica+de+camiones+&amp;gs_lp=Egdnd3Mtd2l6IiZwcm95ZWN0byBjYXJnYSBhdXRvbWF0aWNhIGRlIGNhbWlvbmVzICoCCAAyBRAhGKABMgUQIRigATIFECEYoAEyBRAhGJ8FSOR3ULYGWPhccAV4AJABAJgB1AGgAYssqgEGMC40MS4xuAEByAEA-AEBmAIvoALhLKgCCsICBxAjGCcY6gLCAgQQIxgnwgIFEAAYgATCAgsQABiABBixAxiDAcICDhAAGIAEGLEDGIMBGIoFwgIOEC4YgAQYsQMY0QMYxwHCAggQABiABBixA8ICChAjGIAEGCcYigXCAgsQLhiABBixAxiDAcICChAAGIAEGEMYigXCAgsQLhiABBjRAxjHAcICCBAuGIAEGLEDwgILEC4YgAQYxwEYrwHCAgUQLhiABMICBhAAGBYYHsICBBAhGBXCAgcQIRigARgKmAMF8QUmP-XB4jYXBJIHBjUuNDEuMaAH84UCsgcGMC40MS4xuAfVLMIHBzI1LjIwLjLIBzI&amp;sclient=gws-wiz&amp;mstk=AUtExfBmEvUawfK_AgpXRDBMSwSpDQbyS1tk0lmjtos-jX0AKyVNR5kz70HdOTkspqmUezgvnmZ_pM-_HFdAf1XNEzbdbCnghAp7ylc03ErcSqyZTI0wASRKL9gi7dXpvzPiDqgL_hGcnghv1RdTbQqEX6P63LALiPZSGWOpG8v412Axhl8Iqbne1OUbGDMn-GPaLVeBQ24Ijw3Kk2yINF7hbvdR8h3ZPXrhNQ5Ep2t1WRacA9MQ0KOoD0IdvBHH8lI4ybg1dvV1raqx6J2YRF6wDXO7&amp;csui=3&amp;ved=2ahUKEwje0uLe6OaPAxW1UqQEHUpBLOMQgK4QegQIARAC\"><strong>Secon Components<\/strong><\/a> que se encuentra en su Centro Log\u00edstico Multimodal, siendo la mayor instalaci\u00f3n de este tipo en Europa.<\/span><\/p><p><span style=\"color: #000000;\"><strong>El\u00e9ctricas Lego,<\/strong> en calidad de partner de <strong>Secon Components<\/strong>, particip\u00f3 en el proyecto como integrador del sistema de automatizaci\u00f3n el\u00e9ctrica bajo la modalidad <strong><em>llave en mano<\/em><\/strong>. Su alcance incluy\u00f3 el dise\u00f1o y fabricaci\u00f3n de los armarios el\u00e9ctricos, la ejecuci\u00f3n de la instalaci\u00f3n el\u00e9ctrica de todos los elementos de campo, as\u00ed como la programaci\u00f3n de los PLCs. Adem\u00e1s, se responsabiliz\u00f3 de la fase de pruebas, la puesta en marcha y la validaci\u00f3n final del sistema, garantizando su correcto y \u00f3ptimo funcionamiento.<\/span><\/p><p><span style=\"color: #000000;\">Este sistema automatiza la carga y descarga de camiones, aumentando la productividad, reduciendo tiempos y costos, y mejorando la seguridad, ya que opera sin necesidad de modificar los camiones ni los remolques y puede gestionar m\u00faltiples operaciones simult\u00e1neamente.\u00a0<\/span><\/p><p><span style=\"color: #000000;\">El <strong>suelo m\u00f3vil de tablillas<\/strong> es un sistema de muelle donde la plataforma del cami\u00f3n se convierte en un transportador: las <em>tablillas<\/em> (peque\u00f1as placas que forman un suelo m\u00f3vil) se desplazan para introducir y extraer pallets\/tarimas del interior del cami\u00f3n sin que entren carretillas dentro. Es una soluci\u00f3n SCA (Sistema de Carga Autom\u00e1tica).<\/span><\/p><p><span style=\"color: #000000;\">Cada cami\u00f3n hace la operaci\u00f3n de descarga + carga en <strong>6,3 minutos<\/strong>. Este tiempo es m\u00e1s corto que lo que Damm hab\u00eda especificado.<\/span><\/p><p><span style=\"color: #000000;\">El proyecto se llev\u00f3 a cabo en el a\u00f1o 2008, con una duraci\u00f3n de 2 a\u00f1os y se instalaron <strong>78 unidades SCA<\/strong> en total, se adecuaron m\u00e1s de 40 camiones de su operador (Alfil Logistics).<\/span><\/p>\t\t\t\t\t\t\t\t<\/div>\n\t\t\t\t<\/div>\n\t\t\t\t<div class=\"elementor-element elementor-element-d9d405a elementor-arrows-position-inside elementor-pagination-position-outside elementor-widget elementor-widget-image-carousel\" data-id=\"d9d405a\" data-element_type=\"widget\" data-e-type=\"widget\" data-settings=\"{&quot;slides_to_show&quot;:&quot;1&quot;,&quot;autoplay_speed&quot;:2700,&quot;navigation&quot;:&quot;both&quot;,&quot;autoplay&quot;:&quot;yes&quot;,&quot;pause_on_hover&quot;:&quot;yes&quot;,&quot;pause_on_interaction&quot;:&quot;yes&quot;,&quot;infinite&quot;:&quot;yes&quot;,&quot;effect&quot;:&quot;slide&quot;,&quot;speed&quot;:500}\" data-widget_type=\"image-carousel.default\">\n\t\t\t\t<div class=\"elementor-widget-container\">\n\t\t\t\t\t\t\t<div class=\"elementor-image-carousel-wrapper swiper\" role=\"region\" aria-roledescription=\"carousel\" aria-label=\"Carrusel de im\u00e1genes\" dir=\"ltr\">\n\t\t\t<div class=\"elementor-image-carousel swiper-wrapper\" aria-live=\"off\">\n\t\t\t\t\t\t\t\t<div class=\"swiper-slide\" role=\"group\" aria-roledescription=\"slide\" aria-label=\"1 de 5\"><figure class=\"swiper-slide-inner\"><img decoding=\"async\" class=\"swiper-slide-image\" src=\"https:\/\/www.electricaslego.com\/wp-content\/uploads\/elementor\/thumbs\/damm-armarios-rlo051ln6m8whqraicxxgjhsd9fvqk24np00d3epew.jpg\" alt=\"damm-armarios\" \/><\/figure><\/div><div class=\"swiper-slide\" role=\"group\" aria-roledescription=\"slide\" aria-label=\"2 de 5\"><figure class=\"swiper-slide-inner\"><img decoding=\"async\" class=\"swiper-slide-image\" src=\"https:\/\/www.electricaslego.com\/wp-content\/uploads\/elementor\/thumbs\/damm-camion-rlo054f5r4crgkn71w5t60s65f1zdndbo2ygsxaiw8.jpg\" alt=\"damm-camion\" \/><\/figure><\/div><div class=\"swiper-slide\" role=\"group\" aria-roledescription=\"slide\" aria-label=\"3 de 5\"><figure class=\"swiper-slide-inner\"><img decoding=\"async\" class=\"swiper-slide-image\" src=\"https:\/\/www.electricaslego.com\/wp-content\/uploads\/elementor\/thumbs\/damm-bidones-rlo053hbkabh4yok7dr6lj0pk16m5y9lbyazbnbx2g.jpg\" alt=\"damm-bidones\" \/><\/figure><\/div><div class=\"swiper-slide\" role=\"group\" aria-roledescription=\"slide\" aria-label=\"4 de 5\"><figure class=\"swiper-slide-inner\"><img decoding=\"async\" class=\"swiper-slide-image\" src=\"https:\/\/www.electricaslego.com\/wp-content\/uploads\/elementor\/thumbs\/damm-transportadores-rlo0578obmgmfej3lfdovi2jxko30qoiogwx8r6cdk.jpg\" alt=\"damm-transportadores\" \/><\/figure><\/div><div class=\"swiper-slide\" role=\"group\" aria-roledescription=\"slide\" aria-label=\"5 de 5\"><figure class=\"swiper-slide-inner\"><img decoding=\"async\" class=\"swiper-slide-image\" src=\"https:\/\/www.electricaslego.com\/wp-content\/uploads\/elementor\/thumbs\/damm-pales-camion-rlo056au4sfc3skgqwz2b0b3c6spt1kscc9frh7qjs.jpg\" alt=\"damm-pales-camion\" \/><\/figure><\/div>\t\t\t<\/div>\n\t\t\t\t\t\t\t\t\t\t\t\t<div class=\"elementor-swiper-button elementor-swiper-button-prev\" role=\"button\" tabindex=\"0\">\n\t\t\t\t\t\t<svg aria-hidden=\"true\" class=\"e-font-icon-svg e-eicon-chevron-left\" viewBox=\"0 0 1000 1000\" xmlns=\"http:\/\/www.w3.org\/2000\/svg\"><path d=\"M646 125C629 125 613 133 604 142L308 442C296 454 292 471 292 487 292 504 296 521 308 533L604 854C617 867 629 875 646 875 663 875 679 871 692 858 704 846 713 829 713 812 713 796 708 779 692 767L438 487 692 225C700 217 708 204 708 187 708 171 704 154 692 142 675 129 663 125 646 125Z\"><\/path><\/svg>\t\t\t\t\t<\/div>\n\t\t\t\t\t<div class=\"elementor-swiper-button elementor-swiper-button-next\" role=\"button\" tabindex=\"0\">\n\t\t\t\t\t\t<svg aria-hidden=\"true\" class=\"e-font-icon-svg e-eicon-chevron-right\" viewBox=\"0 0 1000 1000\" xmlns=\"http:\/\/www.w3.org\/2000\/svg\"><path d=\"M696 533C708 521 713 504 713 487 713 471 708 454 696 446L400 146C388 133 375 125 354 125 338 125 325 129 313 142 300 154 292 171 292 187 292 204 296 221 308 233L563 492 304 771C292 783 288 800 288 817 288 833 296 850 308 863 321 871 338 875 354 875 371 875 388 867 400 854L696 533Z\"><\/path><\/svg>\t\t\t\t\t<\/div>\n\t\t\t\t\n\t\t\t\t\t\t\t\t\t<div class=\"swiper-pagination\"><\/div>\n\t\t\t\t\t\t\t\t\t<\/div>\n\t\t\t\t\t\t<\/div>\n\t\t\t\t<\/div>\n\t\t\t\t\t<\/div>\n\t\t\t\t<\/div>\n\t\t\t\t<\/div>\n\t\t","protected":false},"excerpt":{"rendered":"<p>DAMM; la mayor implantaci\u00f3n SCA de Europa (2008) El \u00abproyecto de carga autom\u00e1tica de camiones\u00bb de Damm se refiere a la implementaci\u00f3n del\u00a0Sistema de Carga Autom\u00e1tica (SCA)\u00a0de la empresa\u00a0Secon Components que se encuentra en su Centro Log\u00edstico Multimodal, siendo la mayor instalaci\u00f3n de este tipo en Europa. El\u00e9ctricas Lego, en calidad de partner de Secon [&hellip;]<\/p>\n","protected":false},"author":1,"featured_media":0,"parent":0,"menu_order":0,"comment_status":"closed","ping_status":"closed","template":"elementor_header_footer","meta":{"footnotes":""},"class_list":["post-3031","page","type-page","status-publish","hentry","entry"],"_links":{"self":[{"href":"https:\/\/www.electricaslego.com\/index.php\/wp-json\/wp\/v2\/pages\/3031","targetHints":{"allow":["GET"]}}],"collection":[{"href":"https:\/\/www.electricaslego.com\/index.php\/wp-json\/wp\/v2\/pages"}],"about":[{"href":"https:\/\/www.electricaslego.com\/index.php\/wp-json\/wp\/v2\/types\/page"}],"author":[{"embeddable":true,"href":"https:\/\/www.electricaslego.com\/index.php\/wp-json\/wp\/v2\/users\/1"}],"replies":[{"embeddable":true,"href":"https:\/\/www.electricaslego.com\/index.php\/wp-json\/wp\/v2\/comments?post=3031"}],"version-history":[{"count":16,"href":"https:\/\/www.electricaslego.com\/index.php\/wp-json\/wp\/v2\/pages\/3031\/revisions"}],"predecessor-version":[{"id":3056,"href":"https:\/\/www.electricaslego.com\/index.php\/wp-json\/wp\/v2\/pages\/3031\/revisions\/3056"}],"wp:attachment":[{"href":"https:\/\/www.electricaslego.com\/index.php\/wp-json\/wp\/v2\/media?parent=3031"}],"curies":[{"name":"wp","href":"https:\/\/api.w.org\/{rel}","templated":true}]}}