{"id":2709,"date":"2025-09-20T10:30:21","date_gmt":"2025-09-20T10:30:21","guid":{"rendered":"https:\/\/www.electricaslego.com\/?page_id=2709"},"modified":"2025-09-20T15:48:44","modified_gmt":"2025-09-20T15:48:44","slug":"ingenieria-mecanica","status":"publish","type":"page","link":"https:\/\/www.electricaslego.com\/index.php\/ingenieria-mecanica\/","title":{"rendered":"Ingenier\u00eda Mec\u00e1nica"},"content":{"rendered":"\t\t<div data-elementor-type=\"wp-post\" data-elementor-id=\"2709\" class=\"elementor elementor-2709\">\n\t\t\t\t<div class=\"elementor-element elementor-element-ed81445 e-grid e-con-boxed e-con e-parent\" data-id=\"ed81445\" data-element_type=\"container\" data-e-type=\"container\">\n\t\t\t\t\t<div class=\"e-con-inner\">\n\t\t\t\t<div class=\"elementor-element elementor-element-cebeacb elementor-widget elementor-widget-text-editor\" data-id=\"cebeacb\" data-element_type=\"widget\" data-e-type=\"widget\" data-widget_type=\"text-editor.default\">\n\t\t\t\t<div class=\"elementor-widget-container\">\n\t\t\t\t\t\t\t\t\t<h2 style=\"font-size: 19px; color: #f91308; text-decoration: underline; margin-bottom: 8px; margin-top: 20px;\">\nIngenier\u00eda Mec\u00e1nica y Automatizaci\u00f3n Industrial de Alto Desempe\u00f1o<\/h2>\n\n<p style=\"font-size: 16px; color:#000000; margin-top: 0; margin-bottom: 15px;\">\nEn <strong>El\u00e9ctricas Lego, S.L.U.<\/strong>, somos especialistas en ingenier\u00eda mec\u00e1nica aplicada al dise\u00f1o, desarrollo e implementaci\u00f3n de sistemas de automatizaci\u00f3n industrial. Nuestro enfoque combina innovaci\u00f3n tecnol\u00f3gica, precisi\u00f3n mec\u00e1nica y una profunda comprensi\u00f3n de los procesos industriales para optimizar la productividad, eficiencia y seguridad de nuestros clientes.\n<\/p>\n\n<p style=\"font-size: 16px; color:#000000; margin-top: 0; margin-bottom: 25px;\">\nCon una trayectoria consolidada y un equipo multidisciplinario altamente calificado, ofrecemos soluciones a medida que integran componentes mec\u00e1nicos, el\u00e9ctricos y de control, desde l\u00edneas de producci\u00f3n automatizadas hasta estaciones robotizadas y maquinaria especial.\n<\/p>\n\n<h2 style=\"font-size: 20px; color: #f91308; text-decoration: underline; margin-bottom: 8px; margin-top: 30px;\">\nNuestros servicios incluyen:<\/h2>\n\n<p style=\"font-size: 16px; color:#000000; margin-top: 0; margin-bottom: 10px;\">\n\u2022 Fabricaci\u00f3n de l\u00edneas de transporte ligero (Cajas) y pesado (Palets)<br>\n\u2022 Dise\u00f1o y fabricaci\u00f3n de sistemas mec\u00e1nicos para automatizaci\u00f3n<br>\n\u2022 Desarrollo de maquinaria personalizada para procesos industriales<br>\n\u2022 Integraci\u00f3n de actuadores, sensores y componentes neum\u00e1ticos\/hidr\u00e1ulicos<br>\n\u2022 Optimizaci\u00f3n de l\u00edneas de producci\u00f3n mediante soluciones automatizadas<br>\n\u2022 Soporte t\u00e9cnico, mantenimiento y modernizaci\u00f3n de sistemas existentes\n<\/p>\n\n<p style=\"font-size: 16px; color:#000000; margin-top: 0; margin-bottom: 0;\">\nNos comprometemos con cada proyecto como si fuera propio, ofreciendo ingenier\u00eda confiable, robusta y adaptada a las exigencias reales de la industria.\n<\/p>\n\t\t\t\t\t\t\t\t<\/div>\n\t\t\t\t<\/div>\n\t\t\t\t<div class=\"elementor-element elementor-element-df6715f elementor-arrows-position-inside elementor-pagination-position-outside elementor-widget elementor-widget-image-carousel\" data-id=\"df6715f\" data-element_type=\"widget\" data-e-type=\"widget\" data-settings=\"{&quot;slides_to_show&quot;:&quot;1&quot;,&quot;autoplay_speed&quot;:2700,&quot;speed&quot;:800,&quot;navigation&quot;:&quot;both&quot;,&quot;autoplay&quot;:&quot;yes&quot;,&quot;pause_on_hover&quot;:&quot;yes&quot;,&quot;pause_on_interaction&quot;:&quot;yes&quot;,&quot;infinite&quot;:&quot;yes&quot;,&quot;effect&quot;:&quot;slide&quot;}\" data-widget_type=\"image-carousel.default\">\n\t\t\t\t<div class=\"elementor-widget-container\">\n\t\t\t\t\t\t\t<div class=\"elementor-image-carousel-wrapper swiper\" role=\"region\" aria-roledescription=\"carousel\" aria-label=\"Carrusel de im\u00e1genes\" dir=\"ltr\">\n\t\t\t<div class=\"elementor-image-carousel swiper-wrapper\" aria-live=\"off\">\n\t\t\t\t\t\t\t\t<div class=\"swiper-slide\" role=\"group\" aria-roledescription=\"slide\" aria-label=\"1 de 4\"><figure class=\"swiper-slide-inner\"><img decoding=\"async\" class=\"swiper-slide-image\" src=\"https:\/\/www.electricaslego.com\/wp-content\/uploads\/elementor\/thumbs\/1-1-rc1g1nsx7t2cirl84q890rtp9g1yy02sogcxhostgo.png\" alt=\"1\" \/><\/figure><\/div><div class=\"swiper-slide\" role=\"group\" aria-roledescription=\"slide\" aria-label=\"2 de 4\"><figure class=\"swiper-slide-inner\"><img decoding=\"async\" class=\"swiper-slide-image\" src=\"https:\/\/www.electricaslego.com\/wp-content\/uploads\/elementor\/thumbs\/2-1-rc1g1rk9z57ht7friruraqvjmzjfsshq0yyvesn8rs.jpg\" alt=\"2\" \/><\/figure><\/div><div class=\"swiper-slide\" role=\"group\" aria-roledescription=\"slide\" aria-label=\"3 de 4\"><figure class=\"swiper-slide-inner\"><img decoding=\"async\" class=\"swiper-slide-image\" src=\"https:\/\/www.electricaslego.com\/wp-content\/uploads\/elementor\/thumbs\/3-3-rc1g1tfycta2gfd17so0fqegtra686p6p89udckgfc.jpg\" alt=\"3\" \/><\/figure><\/div><div class=\"swiper-slide\" role=\"group\" aria-roledescription=\"slide\" aria-label=\"4 de 4\"><figure class=\"swiper-slide-inner\"><img decoding=\"async\" class=\"swiper-slide-image\" src=\"https:\/\/www.electricaslego.com\/wp-content\/uploads\/elementor\/thumbs\/4-1-rc1g1udsjnbcs1bo2b2n085xf55jfvsx1cxbumj294.jpg\" alt=\"4\" \/><\/figure><\/div>\t\t\t<\/div>\n\t\t\t\t\t\t\t\t\t\t\t\t<div class=\"elementor-swiper-button elementor-swiper-button-prev\" role=\"button\" tabindex=\"0\">\n\t\t\t\t\t\t<svg aria-hidden=\"true\" class=\"e-font-icon-svg e-eicon-chevron-left\" viewBox=\"0 0 1000 1000\" xmlns=\"http:\/\/www.w3.org\/2000\/svg\"><path d=\"M646 125C629 125 613 133 604 142L308 442C296 454 292 471 292 487 292 504 296 521 308 533L604 854C617 867 629 875 646 875 663 875 679 871 692 858 704 846 713 829 713 812 713 796 708 779 692 767L438 487 692 225C700 217 708 204 708 187 708 171 704 154 692 142 675 129 663 125 646 125Z\"><\/path><\/svg>\t\t\t\t\t<\/div>\n\t\t\t\t\t<div class=\"elementor-swiper-button elementor-swiper-button-next\" role=\"button\" tabindex=\"0\">\n\t\t\t\t\t\t<svg aria-hidden=\"true\" class=\"e-font-icon-svg e-eicon-chevron-right\" viewBox=\"0 0 1000 1000\" xmlns=\"http:\/\/www.w3.org\/2000\/svg\"><path d=\"M696 533C708 521 713 504 713 487 713 471 708 454 696 446L400 146C388 133 375 125 354 125 338 125 325 129 313 142 300 154 292 171 292 187 292 204 296 221 308 233L563 492 304 771C292 783 288 800 288 817 288 833 296 850 308 863 321 871 338 875 354 875 371 875 388 867 400 854L696 533Z\"><\/path><\/svg>\t\t\t\t\t<\/div>\n\t\t\t\t\n\t\t\t\t\t\t\t\t\t<div class=\"swiper-pagination\"><\/div>\n\t\t\t\t\t\t\t\t\t<\/div>\n\t\t\t\t\t\t<\/div>\n\t\t\t\t<\/div>\n\t\t\t\t\t<\/div>\n\t\t\t\t<\/div>\n\t\t\t\t<\/div>\n\t\t","protected":false},"excerpt":{"rendered":"<p>Ingenier\u00eda Mec\u00e1nica y Automatizaci\u00f3n Industrial de Alto Desempe\u00f1o En El\u00e9ctricas Lego, S.L.U., somos especialistas en ingenier\u00eda mec\u00e1nica aplicada al dise\u00f1o, desarrollo e implementaci\u00f3n de sistemas de automatizaci\u00f3n industrial. Nuestro enfoque combina innovaci\u00f3n tecnol\u00f3gica, precisi\u00f3n mec\u00e1nica y una profunda comprensi\u00f3n de los procesos industriales para optimizar la productividad, eficiencia y seguridad de nuestros clientes. Con una [&hellip;]<\/p>\n","protected":false},"author":1,"featured_media":0,"parent":0,"menu_order":0,"comment_status":"closed","ping_status":"closed","template":"elementor_header_footer","meta":{"footnotes":""},"class_list":["post-2709","page","type-page","status-publish","hentry","entry"],"_links":{"self":[{"href":"https:\/\/www.electricaslego.com\/index.php\/wp-json\/wp\/v2\/pages\/2709","targetHints":{"allow":["GET"]}}],"collection":[{"href":"https:\/\/www.electricaslego.com\/index.php\/wp-json\/wp\/v2\/pages"}],"about":[{"href":"https:\/\/www.electricaslego.com\/index.php\/wp-json\/wp\/v2\/types\/page"}],"author":[{"embeddable":true,"href":"https:\/\/www.electricaslego.com\/index.php\/wp-json\/wp\/v2\/users\/1"}],"replies":[{"embeddable":true,"href":"https:\/\/www.electricaslego.com\/index.php\/wp-json\/wp\/v2\/comments?post=2709"}],"version-history":[{"count":25,"href":"https:\/\/www.electricaslego.com\/index.php\/wp-json\/wp\/v2\/pages\/2709\/revisions"}],"predecessor-version":[{"id":2994,"href":"https:\/\/www.electricaslego.com\/index.php\/wp-json\/wp\/v2\/pages\/2709\/revisions\/2994"}],"wp:attachment":[{"href":"https:\/\/www.electricaslego.com\/index.php\/wp-json\/wp\/v2\/media?parent=2709"}],"curies":[{"name":"wp","href":"https:\/\/api.w.org\/{rel}","templated":true}]}}