{"id":2703,"date":"2025-09-20T10:29:05","date_gmt":"2025-09-20T10:29:05","guid":{"rendered":"https:\/\/www.electricaslego.com\/?page_id=2703"},"modified":"2025-09-20T15:44:00","modified_gmt":"2025-09-20T15:44:00","slug":"mantenimiento-industrial","status":"publish","type":"page","link":"https:\/\/www.electricaslego.com\/index.php\/mantenimiento-industrial\/","title":{"rendered":"Mantenimiento Industrial"},"content":{"rendered":"\t\t<div data-elementor-type=\"wp-post\" data-elementor-id=\"2703\" class=\"elementor elementor-2703\">\n\t\t\t\t<div class=\"elementor-element elementor-element-f1cde18 e-grid e-con-boxed e-con e-parent\" data-id=\"f1cde18\" data-element_type=\"container\" data-e-type=\"container\">\n\t\t\t\t\t<div class=\"e-con-inner\">\n\t\t\t\t<div class=\"elementor-element elementor-element-49a1a1f elementor-widget elementor-widget-text-editor\" data-id=\"49a1a1f\" data-element_type=\"widget\" data-e-type=\"widget\" data-widget_type=\"text-editor.default\">\n\t\t\t\t<div class=\"elementor-widget-container\">\n\t\t\t\t\t\t\t\t\t<h2 style=\"font-size: 20px; color: #f91308; text-decoration: underline; margin-bottom: 8px; margin-top: 20px;\">\nMantenimiento Especializado de Nuestras Instalaciones de Automatizaci\u00f3n Industrial<\/h2>\n\n<p style=\"font-size: 16px; color:#000000; margin-top: 0; margin-bottom: 15px;\">\nEn <strong>El\u00e9ctricas Lego, S.L.U.<\/strong>, no solo dise\u00f1amos e implementamos soluciones de automatizaci\u00f3n industrial a medida, sino que tambi\u00e9n nos encargamos de brindar un servicio integral de mantenimiento para asegurar el correcto funcionamiento y la m\u00e1xima eficiencia de las instalaciones que hemos desarrollado previamente para nuestros clientes.\n<\/p>\n\n<p style=\"font-size: 16px; color:#000000; margin-top: 0; margin-bottom: 25px;\">\nNuestro compromiso no termina con la entrega del proyecto. Acompa\u00f1amos a cada cliente con un servicio postventa t\u00e9cnico especializado, orientado a prolongar la vida \u00fatil de los sistemas, prevenir fallas y optimizar continuamente el rendimiento operativo.\n<\/p>\n\n<h2 style=\"font-size: 20px; color: #f91308; text-decoration: underline; margin-bottom: 8px; margin-top: 30px;\">\nNuestro servicio de mantenimiento incluye:<\/h2>\n\n<p style=\"font-size: 16px; color:#000000; margin-top: 0; margin-bottom: 10px;\">\n\u2022 Mantenimiento preventivo y correctivo de los sistemas instalados por nuestro equipo.<br>\n\u2022 Monitoreo y diagn\u00f3stico t\u00e9cnico para detectar oportunidades de mejora o posibles fallos.<br>\n\u2022 Calibraci\u00f3n y ajuste de dispositivos seg\u00fan especificaciones de funcionamiento.<br>\n\u2022 Actualizaciones de software y firmware cuando el sistema lo requiera.<br>\n\u2022 Sustituci\u00f3n de componentes cr\u00edticos con repuestos originales y compatibles.<br>\n\u2022 Capacitaci\u00f3n t\u00e9cnica continua al personal de operaci\u00f3n y mantenimiento del cliente.\n<\/p>\n\n<h2 style=\"font-size: 20px; color: #f91308; text-decoration: underline; margin-bottom: 8px; margin-top: 30px;\">\nVentajas de nuestro mantenimiento especializado:<\/h2>\n\n<p style=\"font-size: 16px; color:#000000; margin-top: 0; margin-bottom: 10px;\">\n\u2022 Conocemos cada detalle del sistema, porque nosotros lo dise\u00f1amos e instalamos.<br>\n\u2022 Utilizamos documentaci\u00f3n t\u00e9cnica propia y actualizada para una intervenci\u00f3n precisa.<br>\n\u2022 Respondemos de forma \u00e1gil y eficiente ante cualquier incidente o necesidad de mejora.<br>\n\u2022 Generamos informes detallados que permiten al cliente tener visibilidad total del estado de su instalaci\u00f3n.\n<\/p>\n\n<p style=\"font-size: 16px; color:#000000; margin-top: 0; margin-bottom: 0;\">\nGracias a este enfoque de mantenimiento postinstalaci\u00f3n, nuestros clientes tienen la tranquilidad de contar con un aliado t\u00e9cnico confiable, capaz de garantizar el funcionamiento \u00f3ptimo y seguro de sus sistemas de automatizaci\u00f3n a lo largo del tiempo.\n<\/p>\n\n<p style=\"font-size: 16px; color:#000000; margin-top:10px; margin-bottom:0;\">\n<b>El\u00e9ctricas Lego, S.L.U.<\/b>, M\u00e1s que un proveedor, somos tu socio estrat\u00e9gico en automatizaci\u00f3n industrial.\n<\/p>\n\t\t\t\t\t\t\t\t<\/div>\n\t\t\t\t<\/div>\n\t\t\t\t<div class=\"elementor-element elementor-element-2dc0112 elementor-arrows-position-inside elementor-pagination-position-outside elementor-widget elementor-widget-image-carousel\" data-id=\"2dc0112\" data-element_type=\"widget\" data-e-type=\"widget\" data-settings=\"{&quot;slides_to_show&quot;:&quot;1&quot;,&quot;autoplay_speed&quot;:2700,&quot;speed&quot;:800,&quot;navigation&quot;:&quot;both&quot;,&quot;autoplay&quot;:&quot;yes&quot;,&quot;pause_on_hover&quot;:&quot;yes&quot;,&quot;pause_on_interaction&quot;:&quot;yes&quot;,&quot;infinite&quot;:&quot;yes&quot;,&quot;effect&quot;:&quot;slide&quot;}\" data-widget_type=\"image-carousel.default\">\n\t\t\t\t<div class=\"elementor-widget-container\">\n\t\t\t\t\t\t\t<div class=\"elementor-image-carousel-wrapper swiper\" role=\"region\" aria-roledescription=\"carousel\" aria-label=\"Carrusel de im\u00e1genes\" dir=\"ltr\">\n\t\t\t<div class=\"elementor-image-carousel swiper-wrapper\" aria-live=\"off\">\n\t\t\t\t\t\t\t\t<div class=\"swiper-slide\" role=\"group\" aria-roledescription=\"slide\" aria-label=\"1 de 2\"><figure class=\"swiper-slide-inner\"><img decoding=\"async\" class=\"swiper-slide-image\" src=\"https:\/\/www.electricaslego.com\/wp-content\/uploads\/elementor\/thumbs\/1-3-rc1g6c1xjl6s6idclyfprhu6sh2zvvuox4cc3rliow.jpg\" alt=\"1Mantenimiento Industrial 1\" \/><\/figure><\/div><div class=\"swiper-slide\" role=\"group\" aria-roledescription=\"slide\" aria-label=\"2 de 2\"><figure class=\"swiper-slide-inner\"><img decoding=\"async\" class=\"swiper-slide-image\" src=\"https:\/\/www.electricaslego.com\/wp-content\/uploads\/elementor\/thumbs\/1-6-rc1htnn8v6e8wk7a7lk34ixgfwoxo7cueqjigfn200.jpg\" alt=\"Mantenimiento Industrial 2\" \/><\/figure><\/div>\t\t\t<\/div>\n\t\t\t\t\t\t\t\t\t\t\t\t<div class=\"elementor-swiper-button elementor-swiper-button-prev\" role=\"button\" tabindex=\"0\">\n\t\t\t\t\t\t<svg aria-hidden=\"true\" class=\"e-font-icon-svg e-eicon-chevron-left\" viewBox=\"0 0 1000 1000\" xmlns=\"http:\/\/www.w3.org\/2000\/svg\"><path d=\"M646 125C629 125 613 133 604 142L308 442C296 454 292 471 292 487 292 504 296 521 308 533L604 854C617 867 629 875 646 875 663 875 679 871 692 858 704 846 713 829 713 812 713 796 708 779 692 767L438 487 692 225C700 217 708 204 708 187 708 171 704 154 692 142 675 129 663 125 646 125Z\"><\/path><\/svg>\t\t\t\t\t<\/div>\n\t\t\t\t\t<div class=\"elementor-swiper-button elementor-swiper-button-next\" role=\"button\" tabindex=\"0\">\n\t\t\t\t\t\t<svg aria-hidden=\"true\" class=\"e-font-icon-svg e-eicon-chevron-right\" viewBox=\"0 0 1000 1000\" xmlns=\"http:\/\/www.w3.org\/2000\/svg\"><path d=\"M696 533C708 521 713 504 713 487 713 471 708 454 696 446L400 146C388 133 375 125 354 125 338 125 325 129 313 142 300 154 292 171 292 187 292 204 296 221 308 233L563 492 304 771C292 783 288 800 288 817 288 833 296 850 308 863 321 871 338 875 354 875 371 875 388 867 400 854L696 533Z\"><\/path><\/svg>\t\t\t\t\t<\/div>\n\t\t\t\t\n\t\t\t\t\t\t\t\t\t<div class=\"swiper-pagination\"><\/div>\n\t\t\t\t\t\t\t\t\t<\/div>\n\t\t\t\t\t\t<\/div>\n\t\t\t\t<\/div>\n\t\t\t\t\t<\/div>\n\t\t\t\t<\/div>\n\t\t\t\t<\/div>\n\t\t","protected":false},"excerpt":{"rendered":"<p>Mantenimiento Especializado de Nuestras Instalaciones de Automatizaci\u00f3n Industrial En El\u00e9ctricas Lego, S.L.U., no solo dise\u00f1amos e implementamos soluciones de automatizaci\u00f3n industrial a medida, sino que tambi\u00e9n nos encargamos de brindar un servicio integral de mantenimiento para asegurar el correcto funcionamiento y la m\u00e1xima eficiencia de las instalaciones que hemos desarrollado previamente para nuestros clientes. Nuestro [&hellip;]<\/p>\n","protected":false},"author":1,"featured_media":0,"parent":0,"menu_order":0,"comment_status":"closed","ping_status":"closed","template":"elementor_header_footer","meta":{"footnotes":""},"class_list":["post-2703","page","type-page","status-publish","hentry","entry"],"_links":{"self":[{"href":"https:\/\/www.electricaslego.com\/index.php\/wp-json\/wp\/v2\/pages\/2703","targetHints":{"allow":["GET"]}}],"collection":[{"href":"https:\/\/www.electricaslego.com\/index.php\/wp-json\/wp\/v2\/pages"}],"about":[{"href":"https:\/\/www.electricaslego.com\/index.php\/wp-json\/wp\/v2\/types\/page"}],"author":[{"embeddable":true,"href":"https:\/\/www.electricaslego.com\/index.php\/wp-json\/wp\/v2\/users\/1"}],"replies":[{"embeddable":true,"href":"https:\/\/www.electricaslego.com\/index.php\/wp-json\/wp\/v2\/comments?post=2703"}],"version-history":[{"count":22,"href":"https:\/\/www.electricaslego.com\/index.php\/wp-json\/wp\/v2\/pages\/2703\/revisions"}],"predecessor-version":[{"id":2970,"href":"https:\/\/www.electricaslego.com\/index.php\/wp-json\/wp\/v2\/pages\/2703\/revisions\/2970"}],"wp:attachment":[{"href":"https:\/\/www.electricaslego.com\/index.php\/wp-json\/wp\/v2\/media?parent=2703"}],"curies":[{"name":"wp","href":"https:\/\/api.w.org\/{rel}","templated":true}]}}